{"id":540,"date":"2026-02-04T17:49:09","date_gmt":"2026-02-04T17:49:09","guid":{"rendered":"https:\/\/gregoriobaggiani.it\/?page_id=540"},"modified":"2026-03-05T22:26:36","modified_gmt":"2026-03-05T22:26:36","slug":"zeugnisse","status":"publish","type":"page","link":"https:\/\/gregoriobaggiani.it\/de\/zeugnisse\/","title":{"rendered":"Zeugnisse"},"content":{"rendered":"\t\t<div data-elementor-type=\"wp-page\" data-elementor-id=\"540\" class=\"elementor elementor-540\">\n\t\t\t\t<div class=\"elementor-element elementor-element-3fb474750 e-flex e-con-boxed wpr-particle-no wpr-jarallax-no wpr-parallax-no wpr-sticky-section-no e-con e-parent\" data-id=\"3fb474750\" data-element_type=\"container\" data-e-type=\"container\" data-settings=\"{&quot;background_background&quot;:&quot;classic&quot;}\">\n\t\t\t\t\t<div class=\"e-con-inner\">\n\t\t<div class=\"elementor-element elementor-element-4a3c8166 e-flex e-con-boxed wpr-particle-no wpr-jarallax-no wpr-parallax-no wpr-sticky-section-no e-con e-child\" data-id=\"4a3c8166\" data-element_type=\"container\" data-e-type=\"container\">\n\t\t\t\t\t<div class=\"e-con-inner\">\n\t\t\t\t<div class=\"elementor-element elementor-element-7d58e970 wpr-dual-heading-icon-top elementor-widget elementor-widget-wpr-dual-color-heading\" data-id=\"7d58e970\" data-element_type=\"widget\" data-e-type=\"widget\" data-widget_type=\"wpr-dual-color-heading.default\">\n\t\t\t\t\t\t\t\t<div class=\"wpr-dual-heading-wrap\">\n\t\t\t\t<div class=\"wpr-dual-title-wrap\">\n\t\t\t\t\t<h2 class=\"wpr-dual-title\">\n\t\t\t\t\t\t\t\t\t\t\t<span class=\"first\">ATTESTATI<\/span>\n\t\t\t\t\t\t\t\t\t\t\n\t\t\t\t\t\t\t\t\t\t<\/h2>\n\t\t\t\t<\/div>\n\t\t\t\t\n\t\t\t\t\n\t\t\t\t\n\t\t\t<\/div>\n\t\t\t\t\t\t<\/div>\n\t\t\t\t\t<\/div>\n\t\t\t\t<\/div>\n\t\t\t\t\t<\/div>\n\t\t\t\t<\/div>\n\t\t<div class=\"elementor-element elementor-element-46023c41 e-flex e-con-boxed wpr-particle-no wpr-jarallax-no wpr-parallax-no wpr-sticky-section-no e-con e-parent\" data-id=\"46023c41\" data-element_type=\"container\" data-e-type=\"container\">\n\t\t\t\t\t<div class=\"e-con-inner\">\n\t\t<div class=\"elementor-element elementor-element-1aabfeb0 e-con-full elementor-hidden-tablet e-flex wpr-particle-no wpr-jarallax-no wpr-parallax-no wpr-sticky-section-no elementor-invisible e-con e-child\" data-id=\"1aabfeb0\" data-element_type=\"container\" data-e-type=\"container\" data-settings=\"{&quot;animation&quot;:&quot;slideInLeft&quot;}\">\n\t\t\t\t<div class=\"elementor-element elementor-element-222869d0 elementor-widget elementor-widget-image\" data-id=\"222869d0\" data-element_type=\"widget\" data-e-type=\"widget\" data-widget_type=\"image.default\">\n\t\t\t\t\t\t\t\t\t\t\t\t\t\t\t<img fetchpriority=\"high\" decoding=\"async\" width=\"500\" height=\"500\" src=\"https:\/\/gregoriobaggiani.it\/de\/wp-content\/uploads\/2026\/02\/Baggiani-Immagine-Attestati.jpg\" class=\"attachment-large size-large wp-image-559\" alt=\"\" srcset=\"https:\/\/gregoriobaggiani.it\/de\/wp-content\/uploads\/2026\/02\/Baggiani-Immagine-Attestati.jpg 500w, https:\/\/gregoriobaggiani.it\/de\/wp-content\/uploads\/2026\/02\/Baggiani-Immagine-Attestati-300x300.jpg 300w, https:\/\/gregoriobaggiani.it\/de\/wp-content\/uploads\/2026\/02\/Baggiani-Immagine-Attestati-150x150.jpg 150w\" sizes=\"(max-width: 500px) 100vw, 500px\" \/>\t\t\t\t\t\t\t\t\t\t\t\t\t\t\t<\/div>\n\t\t\t\t<\/div>\n\t\t<div class=\"elementor-element elementor-element-6bc5a842 e-con-full e-flex wpr-particle-no wpr-jarallax-no wpr-parallax-no wpr-sticky-section-no elementor-invisible e-con e-child\" data-id=\"6bc5a842\" data-element_type=\"container\" data-e-type=\"container\" data-settings=\"{&quot;animation&quot;:&quot;slideInRight&quot;}\">\n\t\t\t\t<div class=\"elementor-element elementor-element-1305dcb elementor-widget elementor-widget-text-editor\" data-id=\"1305dcb\" data-element_type=\"widget\" data-e-type=\"widget\" data-widget_type=\"text-editor.default\">\n\t\t\t\t\t\t\t\t\t<div><span class=\"css-1jxf684 r-bcqeeo r-1ttztb7 r-qvutc0 r-poiln3 r-1adg3ll r-1g7jtus r-1x3r274\"><span class=\"css-1jxf684 r-bcqeeo r-1ttztb7 r-qvutc0 r-poiln3\"><span class=\"css-1jxf684 r-bcqeeo r-1ttztb7 r-qvutc0 r-poiln3 r-b88u0q r-1x3r274\"><span class=\"css-1jxf684 r-bcqeeo r-1ttztb7 r-qvutc0 r-poiln3 r-1x3r274\">\u00dcber zwanzig Jahre berufliche Erfahrung im Bereich der Rechts\u00fcbersetzung vervollst\u00e4ndigen wirkungsvoll meine Kompetenz, die mir \u00fcbertragenen Texte mit hoher Genauigkeit zu \u00fcbersetzen.<\/span><\/span><\/span><\/span><\/div>\t\t\t\t\t\t\t\t<\/div>\n\t\t\t\t<div class=\"elementor-element elementor-element-ea5e370 elementor-widget elementor-widget-text-editor\" data-id=\"ea5e370\" data-element_type=\"widget\" data-e-type=\"widget\" data-widget_type=\"text-editor.default\">\n\t\t\t\t\t\t\t\t\t<ul><li><a href=\"https:\/\/gregoriobaggiani.it\/de\/wp-content\/uploads\/2026\/03\/laurea.jpg\" target=\"_blank\" rel=\"noopener\">Certificato di Laurea<\/a><\/li><li><a href=\"https:\/\/gregoriobaggiani.it\/de\/wp-content\/uploads\/2026\/02\/Tesi-di-Laurea-Baggiani-V1.pdf\" target=\"_blank\" rel=\"noopener\">Tesi di Laurea<\/a><\/li><li><a href=\"https:\/\/gregoriobaggiani.it\/de\/wp-content\/uploads\/2026\/02\/Certificato-English-law.jpg\" target=\"_blank\" rel=\"noopener\">Certificato English Law<\/a><\/li><li>\u00a0<a href=\"https:\/\/gregoriobaggiani.it\/de\/wp-content\/uploads\/2026\/02\/Diploma-Russo-pushcin.jpg\" target=\"_blank\" rel=\"noopener\">Diploma Russo Istituto Pushcin<\/a><\/li><li><a href=\"https:\/\/gregoriobaggiani.it\/de\/wp-content\/uploads\/2026\/02\/Diploma-russo-quarto-anno-scaled.jpg\" target=\"_blank\" rel=\"noopener\">Diploma Russo Quarto Anno<\/a><\/li><li>\u00a0<a href=\"https:\/\/gregoriobaggiani.it\/de\/wp-content\/uploads\/2026\/02\/Diploma-tedesco-giuridico-scaled.jpg\" target=\"_blank\" rel=\"noopener\">Diploma Tedesco Giuridico<\/a><\/li><li><a href=\"https:\/\/gregoriobaggiani.it\/de\/wp-content\/uploads\/2026\/02\/Goethe-kds.jpg\" target=\"_blank\" rel=\"noopener\">Goethe Institut KDS<\/a><\/li><li><a href=\"https:\/\/gregoriobaggiani.it\/de\/wp-content\/uploads\/2026\/02\/toefl-Inglese.jpg\" target=\"_blank\" rel=\"noopener\">Toefl Inglese<\/a><\/li><li><a href=\"https:\/\/gregoriobaggiani.it\/de\/wp-content\/uploads\/2026\/02\/Wirtschaftsdeutsch.jpg\" target=\"_blank\" rel=\"noopener\">Wirtschaftsdeutsch<\/a><\/li><li>\u00a0<a href=\"https:\/\/gregoriobaggiani.it\/de\/wp-content\/uploads\/2026\/03\/sogliarusso.jpg\" target=\"_blank\" rel=\"noopener\">Livello di Russo<\/a><\/li><li><a href=\"https:\/\/gregoriobaggiani.it\/de\/wp-content\/uploads\/2026\/02\/certificato-word-pro.pdf\" target=\"_blank\" rel=\"noopener\">Certificato WordFast-PRO<\/a><\/li><li><a href=\"https:\/\/gregoriobaggiani.it\/de\/wp-content\/uploads\/2026\/02\/diploma-francese-Baggiani.pdf\" target=\"_blank\" rel=\"noopener\">Diploma di Francese<\/a><\/li><li>Attestazione di P.IVA<\/li><li>Attestato di Inglese Commerciale<\/li><li><a href=\"https:\/\/gregoriobaggiani.it\/de\/wp-content\/uploads\/2026\/02\/C_2_Goethe_Institut_Gregorio_Baggiani-scaled.jpg\" target=\"_blank\" rel=\"noopener\">C2 .2 Goethe Institut<\/a><\/li><li><a href=\"https:\/\/gregoriobaggiani.it\/de\/wp-content\/uploads\/2026\/03\/Diploma-di-russo-1-1.jpg\" target=\"_blank\" rel=\"noopener\">Diploma Russo<\/a><\/li><\/ul>\t\t\t\t\t\t\t\t<\/div>\n\t\t\t\t<\/div>\n\t\t\t\t\t<\/div>\n\t\t\t\t<\/div>\n\t\t\t\t<\/div>\n\t\t","protected":false},"excerpt":{"rendered":"<p>ATTESTATI \u00dcber zwanzig Jahre berufliche Erfahrung im Bereich der Rechts\u00fcbersetzung vervollst\u00e4ndigen wirkungsvoll meine Kompetenz, die mir \u00fcbertragenen Texte mit hoher Genauigkeit zu \u00fcbersetzen. Certificato di Laurea Tesi di Laurea Certificato English Law \u00a0Diploma Russo Istituto Pushcin Diploma Russo Quarto Anno \u00a0Diploma Tedesco Giuridico Goethe Institut KDS Toefl Inglese Wirtschaftsdeutsch \u00a0Livello di Russo Certificato WordFast-PRO Diploma di Francese Attestazione di P.IVA Attestato di Inglese Commerciale C2 .2 Goethe Institut Diploma Russo<\/p>\n","protected":false},"author":1,"featured_media":0,"parent":0,"menu_order":0,"comment_status":"closed","ping_status":"closed","template":"elementor_canvas","meta":{"footnotes":""},"class_list":["post-540","page","type-page","status-publish","hentry"],"_links":{"self":[{"href":"https:\/\/gregoriobaggiani.it\/de\/wp-json\/wp\/v2\/pages\/540","targetHints":{"allow":["GET"]}}],"collection":[{"href":"https:\/\/gregoriobaggiani.it\/de\/wp-json\/wp\/v2\/pages"}],"about":[{"href":"https:\/\/gregoriobaggiani.it\/de\/wp-json\/wp\/v2\/types\/page"}],"author":[{"embeddable":true,"href":"https:\/\/gregoriobaggiani.it\/de\/wp-json\/wp\/v2\/users\/1"}],"replies":[{"embeddable":true,"href":"https:\/\/gregoriobaggiani.it\/de\/wp-json\/wp\/v2\/comments?post=540"}],"version-history":[{"count":18,"href":"https:\/\/gregoriobaggiani.it\/de\/wp-json\/wp\/v2\/pages\/540\/revisions"}],"predecessor-version":[{"id":729,"href":"https:\/\/gregoriobaggiani.it\/de\/wp-json\/wp\/v2\/pages\/540\/revisions\/729"}],"wp:attachment":[{"href":"https:\/\/gregoriobaggiani.it\/de\/wp-json\/wp\/v2\/media?parent=540"}],"curies":[{"name":"wp","href":"https:\/\/api.w.org\/{rel}","templated":true}]}}