{"id":585,"date":"2026-02-04T18:52:46","date_gmt":"2026-02-04T18:52:46","guid":{"rendered":"https:\/\/gregoriobaggiani.it\/?page_id=585"},"modified":"2026-03-05T22:27:05","modified_gmt":"2026-03-05T22:27:05","slug":"arbeiten","status":"publish","type":"page","link":"https:\/\/gregoriobaggiani.it\/de\/arbeiten\/","title":{"rendered":"Arbeiten"},"content":{"rendered":"\t\t<div data-elementor-type=\"wp-page\" data-elementor-id=\"585\" class=\"elementor elementor-585\">\n\t\t\t\t<div class=\"elementor-element elementor-element-3fb474750 e-flex e-con-boxed wpr-particle-no wpr-jarallax-no wpr-parallax-no wpr-sticky-section-no e-con e-parent\" data-id=\"3fb474750\" data-element_type=\"container\" data-e-type=\"container\" data-settings=\"{&quot;background_background&quot;:&quot;classic&quot;}\">\n\t\t\t\t\t<div class=\"e-con-inner\">\n\t\t<div class=\"elementor-element elementor-element-4a3c8166 e-flex e-con-boxed wpr-particle-no wpr-jarallax-no wpr-parallax-no wpr-sticky-section-no e-con e-child\" data-id=\"4a3c8166\" data-element_type=\"container\" data-e-type=\"container\">\n\t\t\t\t\t<div class=\"e-con-inner\">\n\t\t\t\t<div class=\"elementor-element elementor-element-7d58e970 wpr-dual-heading-icon-top elementor-widget elementor-widget-wpr-dual-color-heading\" data-id=\"7d58e970\" data-element_type=\"widget\" data-e-type=\"widget\" data-widget_type=\"wpr-dual-color-heading.default\">\n\t\t\t\t\t\t\t\t<div class=\"wpr-dual-heading-wrap\">\n\t\t\t\t<div class=\"wpr-dual-title-wrap\">\n\t\t\t\t\t<h2 class=\"wpr-dual-title\">\n\t\t\t\t\t\t\t\t\t\t\t<span class=\"first\">LAVORI SVOLTI<\/span>\n\t\t\t\t\t\t\t\t\t\t\n\t\t\t\t\t\t\t\t\t\t<\/h2>\n\t\t\t\t<\/div>\n\t\t\t\t\n\t\t\t\t\n\t\t\t\t\n\t\t\t<\/div>\n\t\t\t\t\t\t<\/div>\n\t\t\t\t\t<\/div>\n\t\t\t\t<\/div>\n\t\t\t\t\t<\/div>\n\t\t\t\t<\/div>\n\t\t<div class=\"elementor-element elementor-element-46023c41 e-flex e-con-boxed wpr-particle-no wpr-jarallax-no wpr-parallax-no wpr-sticky-section-no e-con e-parent\" data-id=\"46023c41\" data-element_type=\"container\" data-e-type=\"container\">\n\t\t\t\t\t<div class=\"e-con-inner\">\n\t\t<div class=\"elementor-element elementor-element-1aabfeb0 e-con-full elementor-hidden-tablet e-flex wpr-particle-no wpr-jarallax-no wpr-parallax-no wpr-sticky-section-no elementor-invisible e-con e-child\" data-id=\"1aabfeb0\" data-element_type=\"container\" data-e-type=\"container\" data-settings=\"{&quot;animation&quot;:&quot;slideInLeft&quot;}\">\n\t\t\t\t<div class=\"elementor-element elementor-element-222869d0 elementor-widget__width-initial elementor-widget elementor-widget-image\" data-id=\"222869d0\" data-element_type=\"widget\" data-e-type=\"widget\" data-widget_type=\"image.default\">\n\t\t\t\t\t\t\t\t\t\t\t\t\t\t\t<img fetchpriority=\"high\" decoding=\"async\" width=\"500\" height=\"500\" src=\"https:\/\/gregoriobaggiani.it\/de\/wp-content\/uploads\/2026\/02\/Baggiani-lAVORI-SVOLTI.jpg\" class=\"attachment-large size-large wp-image-587\" alt=\"\" srcset=\"https:\/\/gregoriobaggiani.it\/de\/wp-content\/uploads\/2026\/02\/Baggiani-lAVORI-SVOLTI.jpg 500w, https:\/\/gregoriobaggiani.it\/de\/wp-content\/uploads\/2026\/02\/Baggiani-lAVORI-SVOLTI-300x300.jpg 300w, https:\/\/gregoriobaggiani.it\/de\/wp-content\/uploads\/2026\/02\/Baggiani-lAVORI-SVOLTI-150x150.jpg 150w\" sizes=\"(max-width: 500px) 100vw, 500px\" \/>\t\t\t\t\t\t\t\t\t\t\t\t\t\t\t<\/div>\n\t\t\t\t<\/div>\n\t\t<div class=\"elementor-element elementor-element-6bc5a842 e-con-full e-flex wpr-particle-no wpr-jarallax-no wpr-parallax-no wpr-sticky-section-no elementor-invisible e-con e-child\" data-id=\"6bc5a842\" data-element_type=\"container\" data-e-type=\"container\" data-settings=\"{&quot;animation&quot;:&quot;slideInRight&quot;}\">\n\t\t\t\t<div class=\"elementor-element elementor-element-1305dcb elementor-widget elementor-widget-text-editor\" data-id=\"1305dcb\" data-element_type=\"widget\" data-e-type=\"widget\" data-widget_type=\"text-editor.default\">\n\t\t\t\t\t\t\t\t\t<div><span class=\"css-1jxf684 r-bcqeeo r-1ttztb7 r-qvutc0 r-poiln3\">W\u00e4hrend meiner beruflichen Laufbahn habe ich \u00dcbersetzungen in akademischen, historisch-politischen und juristischen Kontexten betreut, in Zusammenarbeit mit international anerkannten Autoren, Forschern und Institutionen. Die bearbeiteten Texte umfassen Essays, wissenschaftliche Beitr\u00e4ge, Abschluss- und Doktorarbeiten, Gedenktexte sowie rechtliche Unterlagen und Gerichtsentscheidungen. Die \u00dcbersetzungen erfolgten prim\u00e4r in den Kombinationen Deutsch <\/span><span class=\"css-1jxf684 r-bcqeeo r-1ttztb7 r-qvutc0 r-poiln3\">\u00a0Italienisch, erg\u00e4nzend aus\/ins Englische und Russische, mit Schwerpunkt auf juristischen und politisch-institutionellen Inhalten.<\/span><\/div>\t\t\t\t\t\t\t\t<\/div>\n\t\t\t\t<div class=\"elementor-element elementor-element-ea5e370 elementor-widget elementor-widget-text-editor\" data-id=\"ea5e370\" data-element_type=\"widget\" data-e-type=\"widget\" data-widget_type=\"text-editor.default\">\n\t\t\t\t\t\t\t\t\t<ul><li>\u00a0<a href=\"https:\/\/gregoriobaggiani.it\/de\/wp-content\/uploads\/2026\/02\/accademico.pdf\" target=\"_blank\" rel=\"noopener\">Accademico Bogomolov<\/a><\/li><li>\u00a0<a href=\"https:\/\/gregoriobaggiani.it\/de\/wp-content\/uploads\/2026\/02\/armin.pdf\" target=\"_blank\" rel=\"noopener\">Armin Nolzen<\/a><\/li><li>\u00a0<a href=\"https:\/\/gregoriobaggiani.it\/de\/wp-content\/uploads\/2026\/02\/bergen.pdf\" target=\"_blank\" rel=\"noopener\">Bergen Belsen<\/a><\/li><li>\u00a0<a href=\"https:\/\/gregoriobaggiani.it\/de\/wp-content\/uploads\/2026\/02\/brano.pdf\" target=\"_blank\" rel=\"noopener\">Brano Brochure<\/a><\/li><li>\u00a0<a href=\"https:\/\/gregoriobaggiani.it\/de\/wp-content\/uploads\/2026\/02\/denkmal.pdf\" target=\"_blank\" rel=\"noopener\">Denkmal Aufsatz<\/a><\/li><li>\u00a0<a href=\"https:\/\/gregoriobaggiani.it\/de\/wp-content\/uploads\/2026\/02\/frank.pdf\" target=\"_blank\" rel=\"noopener\">Frank Bajohr<\/a><\/li><li>\u00a0<a href=\"https:\/\/gregoriobaggiani.it\/de\/wp-content\/uploads\/2026\/02\/johannes.pdf\" target=\"_blank\" rel=\"noopener\">Johannes Bahr<\/a><\/li><li><a href=\"https:\/\/gregoriobaggiani.it\/de\/wp-content\/uploads\/2026\/02\/rudiger.pdf\" target=\"_blank\" rel=\"noopener\">\u00a0Rudiger Hachtmann<\/a><\/li><li>\u00a0<a href=\"https:\/\/gregoriobaggiani.it\/de\/wp-content\/uploads\/2026\/02\/sentenza.pdf\" target=\"_blank\" rel=\"noopener\">Sentenza di Tribunale<\/a><\/li><li>\u00a0<a href=\"https:\/\/gregoriobaggiani.it\/de\/wp-content\/uploads\/2026\/02\/traduzioneted.pdf\" target=\"_blank\" rel=\"noopener\">Traduzione Testo Tedesco<\/a><\/li><li>\u00a0<a href=\"https:\/\/gregoriobaggiani.it\/de\/wp-content\/uploads\/2026\/02\/versioneted.pdf\" target=\"_blank\" rel=\"noopener\">Versione Tedesca Testo Legale Italiano<\/a><\/li><li>\u00a0<a href=\"https:\/\/gregoriobaggiani.it\/de\/wp-content\/uploads\/2026\/02\/traduzioneinglese.pdf\" target=\"_blank\" rel=\"noopener\">Traduzione Inglese<\/a><\/li><li>\u00a0<a href=\"https:\/\/gregoriobaggiani.it\/de\/wp-content\/uploads\/2026\/02\/notariatosakt.pdf\" target=\"_blank\" rel=\"noopener\">Notariato Sakt Eliana Scala<\/a><\/li><li>\u00a0<a href=\"https:\/\/gregoriobaggiani.it\/de\/wp-content\/uploads\/2026\/02\/traduzionedalrusso.pdf\" target=\"_blank\" rel=\"noopener\">Traduzione dal Russo<\/a><\/li><li><a href=\"https:\/\/gregoriobaggiani.it\/de\/wp-content\/uploads\/2026\/02\/traduzioneted-A.pdf\" target=\"_blank\" rel=\"noopener\">\u00a0Traduzione da e per il Tedesco<\/a><\/li><li>\u00a0<a href=\"https:\/\/gregoriobaggiani.it\/de\/wp-content\/uploads\/2026\/02\/ted-ita-polprof.pdf\" target=\"_blank\" rel=\"noopener\">Traduzione professionale Tedesco-Italiano del settore giuridico e politico istituzionale<\/a><\/li><li>\u00a0<a href=\"https:\/\/gregoriobaggiani.it\/de\/wp-content\/uploads\/2026\/02\/Baunov.pdf\" target=\"_blank\" rel=\"noopener\">Traduzione Alexander Baunov<\/a><\/li><li>\u00a0<a href=\"https:\/\/gregoriobaggiani.it\/de\/wp-content\/uploads\/2026\/02\/Tesi-di-Laurea-Baggiani-V1-1.pdf\" target=\"_blank\" rel=\"noopener\">Tesi di Laurea<\/a><\/li><li>\u00a0<a href=\"https:\/\/gregoriobaggiani.it\/de\/wp-content\/uploads\/2026\/02\/baggiani-dottorato.pdf\" target=\"_blank\" rel=\"noopener\">Dottorato<\/a><\/li><li><a href=\"https:\/\/gregoriobaggiani.it\/de\/wp-content\/uploads\/2026\/02\/politica-estera-tedesca-democratici-sinistra.pdf\" target=\"_blank\" rel=\"noopener\">\u00a0Politica estera tedesca \u2013 Democratici di Sinistra<\/a><\/li><\/ul>\t\t\t\t\t\t\t\t<\/div>\n\t\t\t\t<\/div>\n\t\t\t\t\t<\/div>\n\t\t\t\t<\/div>\n\t\t\t\t<\/div>\n\t\t","protected":false},"excerpt":{"rendered":"<p>LAVORI SVOLTI W\u00e4hrend meiner beruflichen Laufbahn habe ich \u00dcbersetzungen in akademischen, historisch-politischen und juristischen Kontexten betreut, in Zusammenarbeit mit international anerkannten Autoren, Forschern und Institutionen. Die bearbeiteten Texte umfassen Essays, wissenschaftliche Beitr\u00e4ge, Abschluss- und Doktorarbeiten, Gedenktexte sowie rechtliche Unterlagen und Gerichtsentscheidungen. Die \u00dcbersetzungen erfolgten prim\u00e4r in den Kombinationen Deutsch \u00a0Italienisch, erg\u00e4nzend aus\/ins Englische und Russische, mit Schwerpunkt auf juristischen und politisch-institutionellen Inhalten. \u00a0Accademico Bogomolov \u00a0Armin Nolzen \u00a0Bergen Belsen \u00a0Brano Brochure \u00a0Denkmal Aufsatz \u00a0Frank Bajohr \u00a0Johannes Bahr \u00a0Rudiger Hachtmann \u00a0Sentenza di Tribunale \u00a0Traduzione Testo Tedesco \u00a0Versione Tedesca Testo Legale Italiano \u00a0Traduzione Inglese \u00a0Notariato Sakt Eliana Scala \u00a0Traduzione dal Russo \u00a0Traduzione da e per il Tedesco \u00a0Traduzione professionale Tedesco-Italiano del settore giuridico e politico istituzionale \u00a0Traduzione Alexander Baunov \u00a0Tesi di Laurea \u00a0Dottorato \u00a0Politica estera tedesca \u2013 Democratici di Sinistra<\/p>\n","protected":false},"author":1,"featured_media":0,"parent":0,"menu_order":0,"comment_status":"closed","ping_status":"closed","template":"elementor_canvas","meta":{"footnotes":""},"class_list":["post-585","page","type-page","status-publish","hentry"],"_links":{"self":[{"href":"https:\/\/gregoriobaggiani.it\/de\/wp-json\/wp\/v2\/pages\/585","targetHints":{"allow":["GET"]}}],"collection":[{"href":"https:\/\/gregoriobaggiani.it\/de\/wp-json\/wp\/v2\/pages"}],"about":[{"href":"https:\/\/gregoriobaggiani.it\/de\/wp-json\/wp\/v2\/types\/page"}],"author":[{"embeddable":true,"href":"https:\/\/gregoriobaggiani.it\/de\/wp-json\/wp\/v2\/users\/1"}],"replies":[{"embeddable":true,"href":"https:\/\/gregoriobaggiani.it\/de\/wp-json\/wp\/v2\/comments?post=585"}],"version-history":[{"count":8,"href":"https:\/\/gregoriobaggiani.it\/de\/wp-json\/wp\/v2\/pages\/585\/revisions"}],"predecessor-version":[{"id":731,"href":"https:\/\/gregoriobaggiani.it\/de\/wp-json\/wp\/v2\/pages\/585\/revisions\/731"}],"wp:attachment":[{"href":"https:\/\/gregoriobaggiani.it\/de\/wp-json\/wp\/v2\/media?parent=585"}],"curies":[{"name":"wp","href":"https:\/\/api.w.org\/{rel}","templated":true}]}}