{"id":613,"date":"2026-02-04T18:56:23","date_gmt":"2026-02-04T18:56:23","guid":{"rendered":"https:\/\/gregoriobaggiani.it\/?page_id=613"},"modified":"2026-03-05T22:27:37","modified_gmt":"2026-03-05T22:27:37","slug":"rechtsgebiete","status":"publish","type":"page","link":"https:\/\/gregoriobaggiani.it\/de\/rechtsgebiete\/","title":{"rendered":"Rechtsgebiete"},"content":{"rendered":"\t\t<div data-elementor-type=\"wp-page\" data-elementor-id=\"613\" class=\"elementor elementor-613\">\n\t\t\t\t<div class=\"elementor-element elementor-element-3fb474750 e-flex e-con-boxed wpr-particle-no wpr-jarallax-no wpr-parallax-no wpr-sticky-section-no e-con e-parent\" data-id=\"3fb474750\" data-element_type=\"container\" data-e-type=\"container\" data-settings=\"{&quot;background_background&quot;:&quot;classic&quot;}\">\n\t\t\t\t\t<div class=\"e-con-inner\">\n\t\t<div class=\"elementor-element elementor-element-4a3c8166 e-flex e-con-boxed wpr-particle-no wpr-jarallax-no wpr-parallax-no wpr-sticky-section-no e-con e-child\" data-id=\"4a3c8166\" data-element_type=\"container\" data-e-type=\"container\">\n\t\t\t\t\t<div class=\"e-con-inner\">\n\t\t\t\t<div class=\"elementor-element elementor-element-7d58e970 wpr-dual-heading-icon-top elementor-widget elementor-widget-wpr-dual-color-heading\" data-id=\"7d58e970\" data-element_type=\"widget\" data-e-type=\"widget\" data-widget_type=\"wpr-dual-color-heading.default\">\n\t\t\t\t\t\t\t\t<div class=\"wpr-dual-heading-wrap\">\n\t\t\t\t<div class=\"wpr-dual-title-wrap\">\n\t\t\t\t\t<h2 class=\"wpr-dual-title\">\n\t\t\t\t\t\t\t\t\t\t\t<span class=\"first\">RECHTSGEBIETE<\/span>\n\t\t\t\t\t\t\t\t\t\t\n\t\t\t\t\t\t\t\t\t\t<\/h2>\n\t\t\t\t<\/div>\n\t\t\t\t\n\t\t\t\t\n\t\t\t\t\n\t\t\t<\/div>\n\t\t\t\t\t\t<\/div>\n\t\t\t\t\t<\/div>\n\t\t\t\t<\/div>\n\t\t\t\t\t<\/div>\n\t\t\t\t<\/div>\n\t\t<div class=\"elementor-element elementor-element-46023c41 e-flex e-con-boxed wpr-particle-no wpr-jarallax-no wpr-parallax-no wpr-sticky-section-no e-con e-parent\" data-id=\"46023c41\" data-element_type=\"container\" data-e-type=\"container\">\n\t\t\t\t\t<div class=\"e-con-inner\">\n\t\t<div class=\"elementor-element elementor-element-1aabfeb0 e-con-full elementor-hidden-tablet e-flex wpr-particle-no wpr-jarallax-no wpr-parallax-no wpr-sticky-section-no elementor-invisible e-con e-child\" data-id=\"1aabfeb0\" data-element_type=\"container\" data-e-type=\"container\" data-settings=\"{&quot;animation&quot;:&quot;slideInLeft&quot;}\">\n\t\t\t\t<div class=\"elementor-element elementor-element-222869d0 elementor-widget elementor-widget-image\" data-id=\"222869d0\" data-element_type=\"widget\" data-e-type=\"widget\" data-widget_type=\"image.default\">\n\t\t\t\t\t\t\t\t\t\t\t\t\t\t\t<img fetchpriority=\"high\" decoding=\"async\" width=\"683\" height=\"1024\" src=\"https:\/\/gregoriobaggiani.it\/de\/wp-content\/uploads\/2026\/03\/tedesco-per-nuovo-sito-web-683x1024-1.jpg\" class=\"attachment-large size-large wp-image-703\" alt=\"\" srcset=\"https:\/\/gregoriobaggiani.it\/de\/wp-content\/uploads\/2026\/03\/tedesco-per-nuovo-sito-web-683x1024-1.jpg 683w, https:\/\/gregoriobaggiani.it\/de\/wp-content\/uploads\/2026\/03\/tedesco-per-nuovo-sito-web-683x1024-1-200x300.jpg 200w\" sizes=\"(max-width: 683px) 100vw, 683px\" \/>\t\t\t\t\t\t\t\t\t\t\t\t\t\t\t<\/div>\n\t\t\t\t<\/div>\n\t\t<div class=\"elementor-element elementor-element-6bc5a842 e-con-full e-flex wpr-particle-no wpr-jarallax-no wpr-parallax-no wpr-sticky-section-no elementor-invisible e-con e-child\" data-id=\"6bc5a842\" data-element_type=\"container\" data-e-type=\"container\" data-settings=\"{&quot;animation&quot;:&quot;slideInRight&quot;}\">\n\t\t\t\t<div class=\"elementor-element elementor-element-1305dcb elementor-widget elementor-widget-text-editor\" data-id=\"1305dcb\" data-element_type=\"widget\" data-e-type=\"widget\" data-widget_type=\"text-editor.default\">\n\t\t\t\t\t\t\t\t\t<h2 class=\"wp-block-heading\">Rechtsgebiete Deutsch<\/h2><p class=\"has-xl-max-width\"><strong>Rechtsgebiete in der Deutsch&lt;&gt;Italienisch Fach\u00fcbersetzung<\/strong><\/p><p><strong>B\u00fcrgerliches Recht<\/strong>\u2013 \u00a0Umfasst das Personen- und Familienrecht, das dingliche Recht \u00fcber die Rechtsnatur von Sachen und die Regelung von Eigentumsrechten, das Schuldrecht und das Erbrecht\/<\/p>\t\t\t\t\t\t\t\t<\/div>\n\t\t\t\t<div class=\"elementor-element elementor-element-dad9dc1 elementor-align-right elementor-widget elementor-widget-button\" data-id=\"dad9dc1\" data-element_type=\"widget\" data-e-type=\"widget\" data-widget_type=\"button.default\">\n\t\t\t\t\t\t\t\t\t\t<a class=\"elementor-button elementor-button-link elementor-size-sm\" href=\"#leggituttodiritto\">\n\t\t\t\t\t\t<span class=\"elementor-button-content-wrapper\">\n\t\t\t\t\t\t\t\t\t<span class=\"elementor-button-text\">Weiterlesen<\/span>\n\t\t\t\t\t<\/span>\n\t\t\t\t\t<\/a>\n\t\t\t\t\t\t\t\t<\/div>\n\t\t\t\t<\/div>\n\t\t\t\t\t<\/div>\n\t\t\t\t<\/div>\n\t\t<div class=\"elementor-element elementor-element-6ab2dce3 e-flex e-con-boxed wpr-particle-no wpr-jarallax-no wpr-parallax-no wpr-sticky-section-no e-con e-parent\" data-id=\"6ab2dce3\" data-element_type=\"container\" data-e-type=\"container\">\n\t\t\t\t\t<div class=\"e-con-inner\">\n\t\t\t\t<div class=\"elementor-element elementor-element-22ef3b8 elementor-widget elementor-widget-menu-anchor\" data-id=\"22ef3b8\" data-element_type=\"widget\" data-e-type=\"widget\" data-widget_type=\"menu-anchor.default\">\n\t\t\t\t\t\t\t<div class=\"elementor-menu-anchor\" id=\"leggituttodiritto\"><\/div>\n\t\t\t\t\t\t<\/div>\n\t\t\t\t<div class=\"elementor-element elementor-element-0214fad elementor-widget elementor-widget-text-editor\" data-id=\"0214fad\" data-element_type=\"widget\" data-e-type=\"widget\" data-widget_type=\"text-editor.default\">\n\t\t\t\t\t\t\t\t\t<p><strong>Geistiges\u00a0Eigentum<\/strong>\u2013 Der Begriff geistiges Eigentum bezieht sich auf die Gesamtheit der gesetzlichen Rechte, die den Schutz der Sch\u00f6pfungen des menschlichen Geistes in Wissenschaft, Industrie und Kunst gew\u00e4hrleisten<br \/>sollen. Erfindungen, literarische und k\u00fcnstlerische Werke, Symbole, Namen, Bilder und Designs k\u00f6nnen durch geistiges Eigentum gesch\u00fctzt werden. Das Konzept des geistigen Eigentums selbst kann in mindestens zwei verschiedene Kategorien<br \/>unterteilt werden: gewerbliches Eigentum und Urheberrecht. Es handelt sich also um ein Konzept, bei dem der Schutz des sch\u00f6pferischen Genies im Mittelpunkt steht: Das Gesetz bietet rechtliche Mittel, um diejenigen, die ein Werk schaffen<br \/>oder ein Produkt erfinden, vor einer m\u00f6glichen unrechtm\u00e4\u00dfigen Nutzung durch Unbefugte zu sch\u00fctzen. Folglich beziehen sich die Rechte an geistigem Eigentum auf den Schutz neuer und einzigartiger Ideen, Produkte und Sch\u00f6pfungen, die<br \/>aus menschlicher Kreativit\u00e4t und Innovation resultieren. Der Rechteinhaber hat daher ein vollst\u00e4ndiges Monopol auf seine Sch\u00f6pfung. Sobald eine kreative Leistung und Innovation gesch\u00fctzt ist, k\u00f6nnen die damit verbundenen Rechte gehandelt,<br \/>verkauft und gekauft, vererbt und lizenziert werden.<\/p><p><strong>Gesellschaftsrecht<\/strong>\u2013 Das Gesellschaftsrecht ist der Zweig des Handelsrechts, der sich mit der Gr\u00fcndung, F\u00fchrung, Kontrolle, Aufl\u00f6sung und Liquidation von Unternehmen, der Haftung von Unternehmen, den Kapitalbeziehungen<br \/>zwischen Aktion\u00e4ren, au\u00dferordentlichen Unternehmenstransaktionen und dem Krisenmanagement von Unternehmen befasst.<\/p><p><strong>Handelsrecht<\/strong>\u2013 Das internationale Privatrecht besteht aus den Regeln nationaler, internationaler Quellen, die den Zust\u00e4ndigkeitsbereich der Justizbeh\u00f6rden der verschiedenen Staaten der Welt festlegen, um das materielle<br \/>Recht zu bestimmen, das auf F\u00e4lle anwendbar ist, die erhebliche Verbindungen zu verschiedenen nationalen Rechtssystemen aufweisen, und die die Bedingungen f\u00fcr die Anerkennung von in anderen L\u00e4ndern ergangenen Urteilen in einem bestimmten<br \/>Land festlegen.Sie kann als der Teil des Rechtssystems eines jeden Staates definiert werden, der sich mit der rechtlichen Regelung internationaler privater Situationen befasst.<\/p><p><strong>Kapitalgesellschaftsrecht<\/strong>\u2013 Die Kapitalgesellschaften zeichnen sich vor allem durch ihre vollkommene patrimoniale Autonomie aus. Was bedeutet patrimoniale Autonomie? Es bedeutet, dass die Gesellschaft \u00fcber ein Verm\u00f6gen<br \/>verf\u00fcgt, das rechtlich niemals mit dem der einzelnen Aktion\u00e4re verschmolzen wird. Je nach dem Grad der Verm\u00f6gensautonomie der Gesellschaft gelten unterschiedliche Haftungsregelungen f\u00fcr die Gesellschaft und die Gesellschafter gegen\u00fcber<br \/>den Gl\u00e4ubigern beider.Bei Kapitalgesellschaften ist die Verm\u00f6gensautonomie am h\u00f6chsten und wird daher als vollkommen bezeichnet. Das Verm\u00f6gen der Gesellschaft ist klar vom Privatverm\u00f6gen der einzelnen Gesellschafter getrennt, so<br \/>dass die Gl\u00e4ubiger des einen nicht auf das Verm\u00f6gen des anderen zugreifen und sich daraus befriedigen k\u00f6nnen und umgekehrt. Die Haftung eines Gesellschafters f\u00fcr die Verbindlichkeiten der Gesellschaft ist auf den Wert seiner Einlage<br \/>beschr\u00e4nkt, d. h. auf die H\u00f6he seiner Anteile oder Quoten. Eine Ausnahme bildet die Kommanditgesellschaft auf Aktien, bei der die pers\u00f6nlich haftenden Gesellschafter unbeschr\u00e4nkt f\u00fcr die Verbindlichkeiten der Gesellschaft haften<br \/>(Artikel 2462 des Zivilgesetzbuches).<\/p><p><strong>Kapitalmarktrecht-<\/strong>\u00a0K. ist das Recht, das den Kapitalmarkt (Geld- und Kapitalmarkt) regelt. Diese Definition ist aber tr\u00fcgerisch, denn der Begriff des Kapitalmarkts ist unter \u00d6konomen umstritten und der Kapitalmarkt<br \/>wird durch eine Vielzahl von Rechtsnormen beeinflusst. K. wird besser als die Gesamtheit der Lehren, Grunds\u00e4tze und Normen verstanden, die den Individualschutz der Anleger und den Funktionenschutz des Kapitalmarkts verfolgen. Das<br \/>K. ist in Deutschland erst in den 1970er Jahren aus dem Anlegerschutz entstanden, damals setzte auch die Entwicklung vom Aktien- und B\u00f6rsenrecht zum K. ein. Seine Urspr\u00fcnge hat das K. in den USA, dort in den 1930er Jahren in Antwort<br \/>auf die Weltwirtschaftskrise mit der securities regulation und der SEC. Seither hat sich das K. national und international st\u00fcrmisch entwickelt. Die Bed\u00fcrfnisse und immer wieder auftretende Missst\u00e4nde f\u00fchren zu einer zunehmend engmaschigen<br \/>Regulierung durch Gesetzgeber, Gerichte und Kapitalmarktaufsichtsbeh\u00f6rden. Heute umfasst das K. allein in Deutschland nach einer j\u00fcngsten kleinen Gesetzestextsammlung an die 1 000 Seiten, und die Zahl der Judikate ist Legion.<\/p><p><strong>\u00d6ffentliches Recht<\/strong>\u00a0-. Das \u00f6ffentliche Recht ist der Zweig des Rechts, der sich mit den Vorschriften befasst, die die Organisation und die Funktionsweise des Staates, der \u00f6ffentlichen Institutionen und Einrichtungen<br \/>sowie die Beziehungen zwischen den B\u00fcrgern und den Einrichtungen, denen der besondere Status des \u201c\u00f6ffentlichen Rechts\u201d zuerkannt wurde, regeln und bestimmen.<\/p><p><strong>\u00a0Patentrecht-<\/strong>\u00a0Der Begriff Patent bezeichnet ein gewerbliches Schutzrecht, das neben dem Gebrauchsmuster f\u00fcr den Schutz technischer Erfindungen gew\u00e4hrt wird. Patente werden auf der Grundlage des Patentgesetzes<br \/>erteilt und unterscheiden sich in den Schutzvoraussetzungen von den Gebrauchsmustern dadurch, dass Patente auch f\u00fcr Verfahrenserfindungen erteilt werden k\u00f6nnen, h\u00f6here Anforderungen an die Erfindungsh\u00f6he gestellt werden und der Erteilung<br \/>ein Pr\u00fcfungsverfahren vorausgeht, sodass ein qualifiziertes Schutzrecht hoher Bestandskraft entsteht.<\/p><p><strong>Umwandlungsrecht<\/strong>\u00a0Die gesellschaftsrechtliche Neugestaltung, oftmals auch Reorganisation genannt, von Unternehmen wird als Umwandlungsrecht bezeichnet. Sofern mehrere Unternehmen sich zusammenschlie\u00dfen oder ein Unternehmen<br \/>ein anderes aufkauft, m\u00fcssen die Unternehmen umstrukturiert werden. Die Reorganisation wird dabei im Umwandlungsgesetz (UmwG) geregelt.t-\u00a0<\/p><p><strong>Urheberrecht \u2013<\/strong>Das Urheberrecht sch\u00fctzt das Recht des Urhebers an seinen Werken. Dies betrifft vor allem die Verwertung, die Verg\u00fctung und das Verbot der Nutzung durch Dritte. Das Urheberrechtsgesetz (UrhG) bildet die<br \/>wesentliche Rechtsgrundlage, daneben sind das Wahrnehmungsgesetz und Verlagsgesetz von Bedeutung.<\/p><p><strong>Wirtschaftsprivatrecht<\/strong>\u2013 Das Wirtschaftsprivatrecht ist der Inbegriff der Rechtsvorschriften (Gesetze, Verordnungen), die den im Wirtschaftsleben handelnden Subjekten einen Rahmen f\u00fcr ihre Interaktionen untereinander<br \/>setzen.<\/p>\t\t\t\t\t\t\t\t<\/div>\n\t\t\t\t\t<\/div>\n\t\t\t\t<\/div>\n\t\t\t\t<\/div>\n\t\t","protected":false},"excerpt":{"rendered":"<p>RECHTSGEBIETE Rechtsgebiete Deutsch Rechtsgebiete in der Deutsch&lt;&gt;Italienisch Fach\u00fcbersetzung B\u00fcrgerliches Recht\u2013 \u00a0Umfasst das Personen- und Familienrecht, das dingliche Recht \u00fcber die Rechtsnatur von Sachen und die Regelung von Eigentumsrechten, das Schuldrecht und das Erbrecht\/ Weiterlesen Geistiges\u00a0Eigentum\u2013 Der Begriff geistiges Eigentum bezieht sich auf die Gesamtheit der gesetzlichen Rechte, die den Schutz der Sch\u00f6pfungen des menschlichen Geistes in Wissenschaft, Industrie und Kunst gew\u00e4hrleistensollen. Erfindungen, literarische und k\u00fcnstlerische Werke, Symbole, Namen, Bilder und Designs k\u00f6nnen durch geistiges Eigentum gesch\u00fctzt werden. Das Konzept des geistigen Eigentums selbst kann in mindestens zwei verschiedene Kategorienunterteilt werden: gewerbliches Eigentum und Urheberrecht. Es handelt sich also um ein Konzept, bei dem der Schutz des sch\u00f6pferischen Genies im Mittelpunkt steht: Das Gesetz bietet rechtliche Mittel, um diejenigen, die ein Werk schaffenoder ein Produkt erfinden, vor einer m\u00f6glichen unrechtm\u00e4\u00dfigen Nutzung durch Unbefugte zu sch\u00fctzen. Folglich beziehen sich die Rechte an geistigem Eigentum auf den Schutz neuer und einzigartiger Ideen, Produkte und Sch\u00f6pfungen, dieaus menschlicher Kreativit\u00e4t und Innovation resultieren. Der Rechteinhaber hat daher ein vollst\u00e4ndiges Monopol auf seine Sch\u00f6pfung. Sobald eine kreative Leistung und Innovation gesch\u00fctzt ist, k\u00f6nnen die damit verbundenen Rechte gehandelt,verkauft und gekauft, vererbt und lizenziert werden. Gesellschaftsrecht\u2013 Das Gesellschaftsrecht ist der Zweig des Handelsrechts, der sich mit der Gr\u00fcndung, F\u00fchrung, Kontrolle, Aufl\u00f6sung und Liquidation von Unternehmen, der Haftung von Unternehmen, den Kapitalbeziehungenzwischen Aktion\u00e4ren, au\u00dferordentlichen Unternehmenstransaktionen und dem Krisenmanagement von Unternehmen befasst. Handelsrecht\u2013 Das internationale Privatrecht besteht aus den Regeln nationaler, internationaler Quellen, die den Zust\u00e4ndigkeitsbereich der Justizbeh\u00f6rden der verschiedenen Staaten der Welt festlegen, um das materielleRecht zu bestimmen, das auf F\u00e4lle anwendbar ist, die erhebliche Verbindungen zu verschiedenen nationalen Rechtssystemen aufweisen, und die die Bedingungen f\u00fcr die Anerkennung von in anderen L\u00e4ndern ergangenen Urteilen in einem bestimmtenLand festlegen.Sie kann als der Teil des Rechtssystems eines jeden Staates definiert werden, der sich mit der rechtlichen Regelung internationaler privater Situationen befasst. Kapitalgesellschaftsrecht\u2013 Die Kapitalgesellschaften zeichnen sich vor allem durch ihre vollkommene patrimoniale Autonomie aus. Was bedeutet patrimoniale Autonomie? Es bedeutet, dass die Gesellschaft \u00fcber ein Verm\u00f6genverf\u00fcgt, das rechtlich niemals mit dem der einzelnen Aktion\u00e4re verschmolzen wird. Je nach dem Grad der Verm\u00f6gensautonomie der Gesellschaft gelten unterschiedliche Haftungsregelungen f\u00fcr die Gesellschaft und die Gesellschafter gegen\u00fcberden Gl\u00e4ubigern beider.Bei Kapitalgesellschaften ist die Verm\u00f6gensautonomie am h\u00f6chsten und wird daher als vollkommen bezeichnet. Das Verm\u00f6gen der Gesellschaft ist klar vom Privatverm\u00f6gen der einzelnen Gesellschafter getrennt, sodass die Gl\u00e4ubiger des einen nicht auf das Verm\u00f6gen des anderen zugreifen und sich daraus befriedigen k\u00f6nnen und umgekehrt. Die Haftung eines Gesellschafters f\u00fcr die Verbindlichkeiten der Gesellschaft ist auf den Wert seiner Einlagebeschr\u00e4nkt, d. h. auf die H\u00f6he seiner Anteile oder Quoten. Eine Ausnahme bildet die Kommanditgesellschaft auf Aktien, bei der die pers\u00f6nlich haftenden Gesellschafter unbeschr\u00e4nkt f\u00fcr die Verbindlichkeiten der Gesellschaft haften(Artikel 2462 des Zivilgesetzbuches). Kapitalmarktrecht-\u00a0K. ist das Recht, das den Kapitalmarkt (Geld- und Kapitalmarkt) regelt. Diese Definition ist aber tr\u00fcgerisch, denn der Begriff des Kapitalmarkts ist unter \u00d6konomen umstritten und der Kapitalmarktwird durch eine Vielzahl von Rechtsnormen beeinflusst. K. wird besser als die Gesamtheit der Lehren, Grunds\u00e4tze und Normen verstanden, die den Individualschutz der Anleger und den Funktionenschutz des Kapitalmarkts verfolgen. DasK. ist in Deutschland erst in den 1970er Jahren aus dem Anlegerschutz entstanden, damals setzte auch die Entwicklung vom Aktien- und B\u00f6rsenrecht zum K. ein. Seine Urspr\u00fcnge hat das K. in den USA, dort in den 1930er Jahren in Antwortauf die Weltwirtschaftskrise mit der securities regulation und der SEC. Seither hat sich das K. national und international st\u00fcrmisch entwickelt. Die Bed\u00fcrfnisse und immer wieder auftretende Missst\u00e4nde f\u00fchren zu einer zunehmend engmaschigenRegulierung durch Gesetzgeber, Gerichte und Kapitalmarktaufsichtsbeh\u00f6rden. Heute umfasst das K. allein in Deutschland nach einer j\u00fcngsten kleinen Gesetzestextsammlung an die 1 000 Seiten, und die Zahl der Judikate ist Legion. \u00d6ffentliches Recht\u00a0-. Das \u00f6ffentliche Recht ist der Zweig des Rechts, der sich mit den Vorschriften befasst, die die Organisation und die Funktionsweise des Staates, der \u00f6ffentlichen Institutionen und Einrichtungensowie die Beziehungen zwischen den B\u00fcrgern und den Einrichtungen, denen der besondere Status des \u201c\u00f6ffentlichen Rechts\u201d zuerkannt wurde, regeln und bestimmen. \u00a0Patentrecht-\u00a0Der Begriff Patent bezeichnet ein gewerbliches Schutzrecht, das neben dem Gebrauchsmuster f\u00fcr den Schutz technischer Erfindungen gew\u00e4hrt wird. Patente werden auf der Grundlage des Patentgesetzeserteilt und unterscheiden sich in den Schutzvoraussetzungen von den Gebrauchsmustern dadurch, dass Patente auch f\u00fcr Verfahrenserfindungen erteilt werden k\u00f6nnen, h\u00f6here Anforderungen an die Erfindungsh\u00f6he gestellt werden und der Erteilungein Pr\u00fcfungsverfahren vorausgeht, sodass ein qualifiziertes Schutzrecht hoher Bestandskraft entsteht. Umwandlungsrecht\u00a0Die gesellschaftsrechtliche Neugestaltung, oftmals auch Reorganisation genannt, von Unternehmen wird als Umwandlungsrecht bezeichnet. Sofern mehrere Unternehmen sich zusammenschlie\u00dfen oder ein Unternehmenein anderes aufkauft, m\u00fcssen die Unternehmen umstrukturiert werden. Die Reorganisation wird dabei im Umwandlungsgesetz (UmwG) geregelt.t-\u00a0 Urheberrecht \u2013Das Urheberrecht sch\u00fctzt das Recht des Urhebers an seinen Werken. Dies betrifft vor allem die Verwertung, die Verg\u00fctung und das Verbot der Nutzung durch Dritte. Das Urheberrechtsgesetz (UrhG) bildet diewesentliche Rechtsgrundlage, daneben sind das Wahrnehmungsgesetz und Verlagsgesetz von Bedeutung. Wirtschaftsprivatrecht\u2013 Das Wirtschaftsprivatrecht ist der Inbegriff der Rechtsvorschriften (Gesetze, Verordnungen), die den im Wirtschaftsleben handelnden Subjekten einen Rahmen f\u00fcr ihre Interaktionen untereinandersetzen.<\/p>\n","protected":false},"author":1,"featured_media":0,"parent":0,"menu_order":0,"comment_status":"closed","ping_status":"closed","template":"elementor_canvas","meta":{"footnotes":""},"class_list":["post-613","page","type-page","status-publish","hentry"],"_links":{"self":[{"href":"https:\/\/gregoriobaggiani.it\/de\/wp-json\/wp\/v2\/pages\/613","targetHints":{"allow":["GET"]}}],"collection":[{"href":"https:\/\/gregoriobaggiani.it\/de\/wp-json\/wp\/v2\/pages"}],"about":[{"href":"https:\/\/gregoriobaggiani.it\/de\/wp-json\/wp\/v2\/types\/page"}],"author":[{"embeddable":true,"href":"https:\/\/gregoriobaggiani.it\/de\/wp-json\/wp\/v2\/users\/1"}],"replies":[{"embeddable":true,"href":"https:\/\/gregoriobaggiani.it\/de\/wp-json\/wp\/v2\/comments?post=613"}],"version-history":[{"count":8,"href":"https:\/\/gregoriobaggiani.it\/de\/wp-json\/wp\/v2\/pages\/613\/revisions"}],"predecessor-version":[{"id":733,"href":"https:\/\/gregoriobaggiani.it\/de\/wp-json\/wp\/v2\/pages\/613\/revisions\/733"}],"wp:attachment":[{"href":"https:\/\/gregoriobaggiani.it\/de\/wp-json\/wp\/v2\/media?parent=613"}],"curies":[{"name":"wp","href":"https:\/\/api.w.org\/{rel}","templated":true}]}}